{"id":264,"date":"2022-01-22T13:50:53","date_gmt":"2022-01-22T13:50:53","guid":{"rendered":"https:\/\/tivian.wpengine.com\/de\/?page_id=264"},"modified":"2025-08-18T13:50:47","modified_gmt":"2025-08-18T13:50:47","slug":"imprint","status":"publish","type":"page","link":"https:\/\/www.tivian.com\/de\/imprint\/","title":{"rendered":"Imprint"},"content":{"rendered":"\t\t<div data-elementor-type=\"wp-page\" data-elementor-id=\"264\" class=\"elementor elementor-264\" data-elementor-post-type=\"page\">\n\t\t\t\t\t\t<section class=\"elementor-section elementor-top-section elementor-element elementor-element-4cc7a1b elementor-section-boxed elementor-section-height-default elementor-section-height-default\" data-id=\"4cc7a1b\" data-element_type=\"section\" data-settings=\"{&quot;background_background&quot;:&quot;classic&quot;}\">\n\t\t\t\t\t\t\t<div class=\"elementor-background-overlay\"><\/div>\n\t\t\t\t\t\t\t<div class=\"elementor-container elementor-column-gap-default\">\n\t\t\t\t\t<div class=\"elementor-column elementor-col-100 elementor-top-column elementor-element elementor-element-0b6547d\" data-id=\"0b6547d\" data-element_type=\"column\">\n\t\t\t<div class=\"elementor-widget-wrap elementor-element-populated\">\n\t\t\t\t\t\t<section class=\"elementor-section elementor-inner-section elementor-element elementor-element-c0ac650 elementor-section-boxed elementor-section-height-default elementor-section-height-default\" data-id=\"c0ac650\" data-element_type=\"section\">\n\t\t\t\t\t\t<div class=\"elementor-container elementor-column-gap-default\">\n\t\t\t\t\t<div class=\"elementor-column elementor-col-100 elementor-inner-column elementor-element elementor-element-2137cdd\" data-id=\"2137cdd\" data-element_type=\"column\">\n\t\t\t<div class=\"elementor-widget-wrap elementor-element-populated\">\n\t\t\t\t\t\t<div class=\"elementor-element elementor-element-c8b20c5 Breadcrumbs45 elementor-mobile-align-center elementor-widget elementor-widget-breadcrumbs\" data-id=\"c8b20c5\" data-element_type=\"widget\" data-widget_type=\"breadcrumbs.default\">\n\t\t\t\t<div class=\"elementor-widget-container\">\n\t\t\t<link rel=\"stylesheet\" href=\"https:\/\/www.tivian.com\/de\/wp-content\/plugins\/elementor-pro\/assets\/css\/widget-theme-elements.min.css\"><p id=\"breadcrumbs\"><span><span><a href=\"https:\/\/www.tivian.com\/de\/\">Home<\/a><\/span><\/span><\/p>\t\t<\/div>\n\t\t\t\t<\/div>\n\t\t\t\t\t<\/div>\n\t\t<\/div>\n\t\t\t\t\t<\/div>\n\t\t<\/section>\n\t\t\t\t<section class=\"elementor-section elementor-inner-section elementor-element elementor-element-56ac99e elementor-section-boxed elementor-section-height-default elementor-section-height-default\" data-id=\"56ac99e\" data-element_type=\"section\">\n\t\t\t\t\t\t<div class=\"elementor-container elementor-column-gap-default\">\n\t\t\t\t\t<div class=\"elementor-column elementor-col-50 elementor-inner-column elementor-element elementor-element-009ad17\" data-id=\"009ad17\" data-element_type=\"column\">\n\t\t\t<div class=\"elementor-widget-wrap elementor-element-populated\">\n\t\t\t\t\t\t<div class=\"elementor-element elementor-element-b49b887 elementor-widget elementor-widget-heading\" data-id=\"b49b887\" data-element_type=\"widget\" data-widget_type=\"heading.default\">\n\t\t\t\t<div class=\"elementor-widget-container\">\n\t\t\t<style>\/*! elementor - v3.22.0 - 26-06-2024 *\/\n.elementor-heading-title{padding:0;margin:0;line-height:1}.elementor-widget-heading .elementor-heading-title[class*=elementor-size-]>a{color:inherit;font-size:inherit;line-height:inherit}.elementor-widget-heading .elementor-heading-title.elementor-size-small{font-size:15px}.elementor-widget-heading .elementor-heading-title.elementor-size-medium{font-size:19px}.elementor-widget-heading .elementor-heading-title.elementor-size-large{font-size:29px}.elementor-widget-heading .elementor-heading-title.elementor-size-xl{font-size:39px}.elementor-widget-heading .elementor-heading-title.elementor-size-xxl{font-size:59px}<\/style><h2 class=\"elementor-heading-title elementor-size-default\">IMPRESSUM<\/h2>\t\t<\/div>\n\t\t\t\t<\/div>\n\t\t\t\t\t<\/div>\n\t\t<\/div>\n\t\t\t\t<div class=\"elementor-column elementor-col-50 elementor-inner-column elementor-element elementor-element-4448022\" data-id=\"4448022\" data-element_type=\"column\">\n\t\t\t<div class=\"elementor-widget-wrap elementor-element-populated\">\n\t\t\t\t\t\t<div class=\"elementor-element elementor-element-1bbcd3b elementor-widget elementor-widget-image\" data-id=\"1bbcd3b\" data-element_type=\"widget\" data-widget_type=\"image.default\">\n\t\t\t\t<div class=\"elementor-widget-container\">\n\t\t\t\t\t\t\t\t\t\t\t\t\t<img fetchpriority=\"high\" decoding=\"async\" width=\"350\" height=\"466\" src=\"https:\/\/www.tivian.com\/de\/wp-content\/uploads\/sites\/7\/2022\/02\/16_shutterstock_159697460-1.jpg\" class=\"attachment-large size-large wp-image-1082\" alt=\"\" srcset=\"https:\/\/www.tivian.com\/de\/wp-content\/uploads\/sites\/7\/2022\/02\/16_shutterstock_159697460-1.jpg 350w, https:\/\/www.tivian.com\/de\/wp-content\/uploads\/sites\/7\/2022\/02\/16_shutterstock_159697460-1-225x300.jpg 225w\" sizes=\"(max-width: 350px) 100vw, 350px\" \/>\t\t\t\t\t\t\t\t\t\t\t\t\t<\/div>\n\t\t\t\t<\/div>\n\t\t\t\t\t<\/div>\n\t\t<\/div>\n\t\t\t\t\t<\/div>\n\t\t<\/section>\n\t\t\t\t\t<\/div>\n\t\t<\/div>\n\t\t\t\t\t<\/div>\n\t\t<\/section>\n\t\t\t\t<section class=\"elementor-section elementor-top-section elementor-element elementor-element-478ac87 elementor-section-boxed elementor-section-height-default elementor-section-height-default\" data-id=\"478ac87\" data-element_type=\"section\">\n\t\t\t\t\t\t<div class=\"elementor-container elementor-column-gap-default\">\n\t\t\t\t\t<div class=\"elementor-column elementor-col-100 elementor-top-column elementor-element elementor-element-8fc66cd\" data-id=\"8fc66cd\" data-element_type=\"column\">\n\t\t\t<div class=\"elementor-widget-wrap elementor-element-populated\">\n\t\t\t\t\t\t<div class=\"elementor-element elementor-element-e05fd6c elementor-widget elementor-widget-heading\" data-id=\"e05fd6c\" data-element_type=\"widget\" data-widget_type=\"heading.default\">\n\t\t\t\t<div class=\"elementor-widget-container\">\n\t\t\t<h2 class=\"elementor-heading-title elementor-size-default\">Diensteanbieter<\/h2>\t\t<\/div>\n\t\t\t\t<\/div>\n\t\t\t\t<div class=\"elementor-element elementor-element-7405bfc elementor-widget elementor-widget-text-editor\" data-id=\"7405bfc\" data-element_type=\"widget\" data-widget_type=\"text-editor.default\">\n\t\t\t\t<div class=\"elementor-widget-container\">\n\t\t\t<style>\/*! elementor - v3.22.0 - 26-06-2024 *\/\n.elementor-widget-text-editor.elementor-drop-cap-view-stacked .elementor-drop-cap{background-color:#69727d;color:#fff}.elementor-widget-text-editor.elementor-drop-cap-view-framed .elementor-drop-cap{color:#69727d;border:3px solid;background-color:transparent}.elementor-widget-text-editor:not(.elementor-drop-cap-view-default) .elementor-drop-cap{margin-top:8px}.elementor-widget-text-editor:not(.elementor-drop-cap-view-default) .elementor-drop-cap-letter{width:1em;height:1em}.elementor-widget-text-editor .elementor-drop-cap{float:left;text-align:center;line-height:1;font-size:50px}.elementor-widget-text-editor .elementor-drop-cap-letter{display:inline-block}<\/style>\t\t\t\t<p>Tivian XI GmbH<br \/><span style=\"font-weight: 400\">Ottostra\u00dfe 21,<\/span><br \/><span style=\"font-weight: 400\">80333<\/span> <span style=\"font-weight: 400\">M\u00fcnchen<\/span><br \/>Deutschland<\/p><p>Tel.: +49 221 27169 0<br \/>E-Mail: contact@tivian.de<\/p><p>Gerichtsstand und Sitz des Unternehmens: <span style=\"font-weight: 400\">M\u00fcnchen<\/span><br \/>Handelsregister beim Amtsgericht <span style=\"font-weight: 400\">M\u00fcnchen<\/span>: HR B 77296<br \/>Umsatzsteuer-Identifikationsnummer: DE203615380<\/p>\t\t\t\t\t\t<\/div>\n\t\t\t\t<\/div>\n\t\t\t\t\t<\/div>\n\t\t<\/div>\n\t\t\t\t\t<\/div>\n\t\t<\/section>\n\t\t\t\t<section class=\"elementor-section elementor-top-section elementor-element elementor-element-8d22260 elementor-section-boxed elementor-section-height-default elementor-section-height-default\" data-id=\"8d22260\" data-element_type=\"section\">\n\t\t\t\t\t\t<div class=\"elementor-container elementor-column-gap-default\">\n\t\t\t\t\t<div class=\"elementor-column elementor-col-100 elementor-top-column elementor-element elementor-element-372d93e\" data-id=\"372d93e\" data-element_type=\"column\">\n\t\t\t<div class=\"elementor-widget-wrap elementor-element-populated\">\n\t\t\t\t\t\t<div class=\"elementor-element elementor-element-16c71c1 elementor-widget elementor-widget-heading\" data-id=\"16c71c1\" data-element_type=\"widget\" data-widget_type=\"heading.default\">\n\t\t\t\t<div class=\"elementor-widget-container\">\n\t\t\t<h2 class=\"elementor-heading-title elementor-size-default\">Inhaltlich verantwortlich f\u00fcr journalistisch-redaktionell gestaltete Angebote i.S.v. \u00a718 Abs. 2 MStV (Medienstaatsvertrag): <\/h2>\t\t<\/div>\n\t\t\t\t<\/div>\n\t\t\t\t<div class=\"elementor-element elementor-element-6d87931 elementor-widget elementor-widget-text-editor\" data-id=\"6d87931\" data-element_type=\"widget\" data-widget_type=\"text-editor.default\">\n\t\t\t\t<div class=\"elementor-widget-container\">\n\t\t\t\t\t\t\t<p>Tivian XI GmbH<\/p>\t\t\t\t\t\t<\/div>\n\t\t\t\t<\/div>\n\t\t\t\t<div class=\"elementor-element elementor-element-a26ad57 elementor-widget elementor-widget-heading\" data-id=\"a26ad57\" data-element_type=\"widget\" data-widget_type=\"heading.default\">\n\t\t\t\t<div class=\"elementor-widget-container\">\n\t\t\t<h2 class=\"elementor-heading-title elementor-size-default\">Urheber- und gewerbliche Schutzrechte<\/h2>\t\t<\/div>\n\t\t\t\t<\/div>\n\t\t\t\t<div class=\"elementor-element elementor-element-b5b2e44 elementor-widget elementor-widget-text-editor\" data-id=\"b5b2e44\" data-element_type=\"widget\" data-widget_type=\"text-editor.default\">\n\t\t\t\t<div class=\"elementor-widget-container\">\n\t\t\t\t\t\t\t<p>Urheberrechte, Lizenz, Markenzeichen, Haftung Copyright \u00a9 2025 Tivian. Alle Rechte vorbehalten. Text, Bilder, Grafiken, Animationen und Videos sowie deren Anordnung auf der Tivian-Website unterliegen dem Schutz des Urheberrechts und anderer Schutzgesetze. Jegliche Vervielf\u00e4ltigung oder Weiterverbreitung in jedem Medium, egal ob in Teilen oder als Ganzes, bedarf der schriftlichen Zustimmung. Durch diese Website wird keine Lizenz zur Nutzung des geistigen Eigentums von Dritten erteilt. Auch soweit nicht gekennzeichnet, sind wiedergegebene Marken zu Gunsten des jeweiligen Markeninhabers gesch\u00fctzt. Dies gilt insbesondere f\u00fcr Marken, Typenbezeichnungen, Logos und Embleme.<\/p>\t\t\t\t\t\t<\/div>\n\t\t\t\t<\/div>\n\t\t\t\t\t<\/div>\n\t\t<\/div>\n\t\t\t\t\t<\/div>\n\t\t<\/section>\n\t\t\t\t<section class=\"elementor-section elementor-top-section elementor-element elementor-element-ea3f172 elementor-section-boxed elementor-section-height-default elementor-section-height-default\" data-id=\"ea3f172\" data-element_type=\"section\">\n\t\t\t\t\t\t<div class=\"elementor-container elementor-column-gap-default\">\n\t\t\t\t\t<div class=\"elementor-column elementor-col-100 elementor-top-column elementor-element elementor-element-6ecbf0d\" data-id=\"6ecbf0d\" data-element_type=\"column\">\n\t\t\t<div class=\"elementor-widget-wrap elementor-element-populated\">\n\t\t\t\t\t\t<div class=\"elementor-element elementor-element-21715c0 elementor-widget elementor-widget-heading\" data-id=\"21715c0\" data-element_type=\"widget\" data-widget_type=\"heading.default\">\n\t\t\t\t<div class=\"elementor-widget-container\">\n\t\t\t<h2 class=\"elementor-heading-title elementor-size-default\">Online-Beilegung verbraucherrechtlicher Streitigkeiten; OS-Plattform<\/h2>\t\t<\/div>\n\t\t\t\t<\/div>\n\t\t\t\t\t<\/div>\n\t\t<\/div>\n\t\t\t\t\t<\/div>\n\t\t<\/section>\n\t\t\t\t<section class=\"elementor-section elementor-top-section elementor-element elementor-element-47ad20e elementor-section-boxed elementor-section-height-default elementor-section-height-default\" data-id=\"47ad20e\" data-element_type=\"section\">\n\t\t\t\t\t\t<div class=\"elementor-container elementor-column-gap-default\">\n\t\t\t\t\t<div class=\"elementor-column elementor-col-100 elementor-top-column elementor-element elementor-element-3d7e0b8\" data-id=\"3d7e0b8\" data-element_type=\"column\">\n\t\t\t<div class=\"elementor-widget-wrap elementor-element-populated\">\n\t\t\t\t\t\t<div class=\"elementor-element elementor-element-d801410 elementor-widget elementor-widget-text-editor\" data-id=\"d801410\" data-element_type=\"widget\" data-widget_type=\"text-editor.default\">\n\t\t\t\t<div class=\"elementor-widget-container\">\n\t\t\t\t\t\t\t<p>Wir weisen darauf hin, dass wir weder bereit noch verpflichtet sind, an einem Streitbeilegungsverfahren vor dieser Verbraucherschlichtungsstelle oder einer etwaigen anderen Verbraucherschlichtungsstelle im Sinne des Verbraucherstreitbeilegungsgesetzes teilzunehmen.<\/p><p>Die Europ\u00e4ische Kommission hat eine Europ\u00e4ische Plattform zur Online-Streitbeilegung (\u201eOS-Plattform\u201c) bereitzustellen. Die OS-Plattform ist im Internet unter der Internet-Adresse <a href=\"http:\/\/ec.europa.eu\/consumers\/odr\">http:\/\/ec.europa.eu\/consumers\/odr<\/a> abrufbar.<\/p>\t\t\t\t\t\t<\/div>\n\t\t\t\t<\/div>\n\t\t\t\t\t<\/div>\n\t\t<\/div>\n\t\t\t\t\t<\/div>\n\t\t<\/section>\n\t\t\t\t<\/div>\n\t\t","protected":false},"excerpt":{"rendered":"<p>IMPRESSUM Diensteanbieter Tivian XI GmbHOttostra\u00dfe 21,80333 M\u00fcnchenDeutschland Tel.: +49 221 27169 0E-Mail: contact@tivian.de Gerichtsstand und Sitz des Unternehmens: M\u00fcnchenHandelsregister beim Amtsgericht M\u00fcnchen: HR B 77296Umsatzsteuer-Identifikationsnummer: DE203615380 Inhaltlich verantwortlich f\u00fcr journalistisch-redaktionell gestaltete Angebote i.S.v. \u00a718 Abs. 2 MStV (Medienstaatsvertrag): Tivian XI GmbH Urheber- und gewerbliche Schutzrechte Urheberrechte, Lizenz, Markenzeichen, Haftung Copyright \u00a9 2025 Tivian. Alle Rechte [&hellip;]<\/p>\n","protected":false},"author":1,"featured_media":0,"parent":0,"menu_order":0,"comment_status":"closed","ping_status":"closed","template":"elementor_header_footer","meta":{"_acf_changed":false,"footnotes":""},"class_list":["post-264","page","type-page","status-publish","hentry"],"acf":[],"yoast_head":"<!-- This site is optimized with the Yoast SEO plugin v23.0 - https:\/\/yoast.com\/wordpress\/plugins\/seo\/ -->\n<title>Imprint - Tivian DE<\/title>\n<meta name=\"robots\" content=\"index, follow, max-snippet:-1, max-image-preview:large, max-video-preview:-1\" \/>\n<link rel=\"canonical\" href=\"https:\/\/www.tivian.com\/de\/imprint\/\" \/>\n<meta property=\"og:locale\" content=\"en_US\" \/>\n<meta property=\"og:type\" content=\"article\" \/>\n<meta property=\"og:title\" content=\"Imprint - Tivian DE\" \/>\n<meta property=\"og:description\" content=\"IMPRESSUM Diensteanbieter Tivian XI GmbHOttostra\u00dfe 21,80333 M\u00fcnchenDeutschland Tel.: +49 221 27169 0E-Mail: contact@tivian.de Gerichtsstand und Sitz des Unternehmens: M\u00fcnchenHandelsregister beim Amtsgericht M\u00fcnchen: HR B 77296Umsatzsteuer-Identifikationsnummer: DE203615380 Inhaltlich verantwortlich f\u00fcr journalistisch-redaktionell gestaltete Angebote i.S.v. \u00a718 Abs. 2 MStV (Medienstaatsvertrag): Tivian XI GmbH Urheber- und gewerbliche Schutzrechte Urheberrechte, Lizenz, Markenzeichen, Haftung Copyright \u00a9 2025 Tivian. Alle Rechte [&hellip;]\" \/>\n<meta property=\"og:url\" content=\"https:\/\/www.tivian.com\/de\/imprint\/\" \/>\n<meta property=\"og:site_name\" content=\"Tivian DE\" \/>\n<meta property=\"article:modified_time\" content=\"2025-08-18T13:50:47+00:00\" \/>\n<meta property=\"og:image\" content=\"https:\/\/www.tivian.com\/de\/wp-content\/uploads\/sites\/7\/2022\/02\/16_shutterstock_159697460-1.jpg\" \/>\n<meta name=\"twitter:card\" content=\"summary_large_image\" \/>\n<meta name=\"twitter:label1\" content=\"Est. reading time\" \/>\n\t<meta name=\"twitter:data1\" content=\"2 minutes\" \/>\n<script type=\"application\/ld+json\" class=\"yoast-schema-graph\">{\"@context\":\"https:\/\/schema.org\",\"@graph\":[{\"@type\":\"WebPage\",\"@id\":\"https:\/\/www.tivian.com\/de\/imprint\/\",\"url\":\"https:\/\/www.tivian.com\/de\/imprint\/\",\"name\":\"Imprint - Tivian DE\",\"isPartOf\":{\"@id\":\"https:\/\/www.tivian.com\/de\/#website\"},\"primaryImageOfPage\":{\"@id\":\"https:\/\/www.tivian.com\/de\/imprint\/#primaryimage\"},\"image\":{\"@id\":\"https:\/\/www.tivian.com\/de\/imprint\/#primaryimage\"},\"thumbnailUrl\":\"https:\/\/www.tivian.com\/de\/wp-content\/uploads\/sites\/7\/2022\/02\/16_shutterstock_159697460-1.jpg\",\"datePublished\":\"2022-01-22T13:50:53+00:00\",\"dateModified\":\"2025-08-18T13:50:47+00:00\",\"breadcrumb\":{\"@id\":\"https:\/\/www.tivian.com\/de\/imprint\/#breadcrumb\"},\"inLanguage\":\"en-US\",\"potentialAction\":[{\"@type\":\"ReadAction\",\"target\":[\"https:\/\/www.tivian.com\/de\/imprint\/\"]}]},{\"@type\":\"ImageObject\",\"inLanguage\":\"en-US\",\"@id\":\"https:\/\/www.tivian.com\/de\/imprint\/#primaryimage\",\"url\":\"https:\/\/www.tivian.com\/de\/wp-content\/uploads\/sites\/7\/2022\/02\/16_shutterstock_159697460-1.jpg\",\"contentUrl\":\"https:\/\/www.tivian.com\/de\/wp-content\/uploads\/sites\/7\/2022\/02\/16_shutterstock_159697460-1.jpg\",\"width\":350,\"height\":466},{\"@type\":\"BreadcrumbList\",\"@id\":\"https:\/\/www.tivian.com\/de\/imprint\/#breadcrumb\",\"itemListElement\":[{\"@type\":\"ListItem\",\"position\":1,\"name\":\"Home\",\"item\":\"https:\/\/www.tivian.com\/de\/\"},{\"@type\":\"ListItem\",\"position\":2,\"name\":\"Imprint\"}]},{\"@type\":\"WebSite\",\"@id\":\"https:\/\/www.tivian.com\/de\/#website\",\"url\":\"https:\/\/www.tivian.com\/de\/\",\"name\":\"Tivian DE\",\"description\":\"\",\"publisher\":{\"@id\":\"https:\/\/www.tivian.com\/de\/#organization\"},\"potentialAction\":[{\"@type\":\"SearchAction\",\"target\":{\"@type\":\"EntryPoint\",\"urlTemplate\":\"https:\/\/www.tivian.com\/de\/?s={search_term_string}\"},\"query-input\":\"required name=search_term_string\"}],\"inLanguage\":\"en-US\"},{\"@type\":\"Organization\",\"@id\":\"https:\/\/www.tivian.com\/de\/#organization\",\"name\":\"Tivian DE\",\"url\":\"https:\/\/www.tivian.com\/de\/\",\"logo\":{\"@type\":\"ImageObject\",\"inLanguage\":\"en-US\",\"@id\":\"https:\/\/www.tivian.com\/de\/#\/schema\/logo\/image\/\",\"url\":\"https:\/\/www.tivian.com\/de\/wp-content\/uploads\/sites\/7\/2022\/01\/TIVIAN_logo_charcoal_RGB.png\",\"contentUrl\":\"https:\/\/www.tivian.com\/de\/wp-content\/uploads\/sites\/7\/2022\/01\/TIVIAN_logo_charcoal_RGB.png\",\"width\":2089,\"height\":418,\"caption\":\"Tivian DE\"},\"image\":{\"@id\":\"https:\/\/www.tivian.com\/de\/#\/schema\/logo\/image\/\"}}]}<\/script>\n<!-- \/ Yoast SEO plugin. -->","yoast_head_json":{"title":"Imprint - Tivian DE","robots":{"index":"index","follow":"follow","max-snippet":"max-snippet:-1","max-image-preview":"max-image-preview:large","max-video-preview":"max-video-preview:-1"},"canonical":"https:\/\/www.tivian.com\/de\/imprint\/","og_locale":"en_US","og_type":"article","og_title":"Imprint - Tivian DE","og_description":"IMPRESSUM Diensteanbieter Tivian XI GmbHOttostra\u00dfe 21,80333 M\u00fcnchenDeutschland Tel.: +49 221 27169 0E-Mail: contact@tivian.de Gerichtsstand und Sitz des Unternehmens: M\u00fcnchenHandelsregister beim Amtsgericht M\u00fcnchen: HR B 77296Umsatzsteuer-Identifikationsnummer: DE203615380 Inhaltlich verantwortlich f\u00fcr journalistisch-redaktionell gestaltete Angebote i.S.v. \u00a718 Abs. 2 MStV (Medienstaatsvertrag): Tivian XI GmbH Urheber- und gewerbliche Schutzrechte Urheberrechte, Lizenz, Markenzeichen, Haftung Copyright \u00a9 2025 Tivian. Alle Rechte [&hellip;]","og_url":"https:\/\/www.tivian.com\/de\/imprint\/","og_site_name":"Tivian DE","article_modified_time":"2025-08-18T13:50:47+00:00","og_image":[{"url":"https:\/\/www.tivian.com\/de\/wp-content\/uploads\/sites\/7\/2022\/02\/16_shutterstock_159697460-1.jpg"}],"twitter_card":"summary_large_image","twitter_misc":{"Est. reading time":"2 minutes"},"schema":{"@context":"https:\/\/schema.org","@graph":[{"@type":"WebPage","@id":"https:\/\/www.tivian.com\/de\/imprint\/","url":"https:\/\/www.tivian.com\/de\/imprint\/","name":"Imprint - Tivian DE","isPartOf":{"@id":"https:\/\/www.tivian.com\/de\/#website"},"primaryImageOfPage":{"@id":"https:\/\/www.tivian.com\/de\/imprint\/#primaryimage"},"image":{"@id":"https:\/\/www.tivian.com\/de\/imprint\/#primaryimage"},"thumbnailUrl":"https:\/\/www.tivian.com\/de\/wp-content\/uploads\/sites\/7\/2022\/02\/16_shutterstock_159697460-1.jpg","datePublished":"2022-01-22T13:50:53+00:00","dateModified":"2025-08-18T13:50:47+00:00","breadcrumb":{"@id":"https:\/\/www.tivian.com\/de\/imprint\/#breadcrumb"},"inLanguage":"en-US","potentialAction":[{"@type":"ReadAction","target":["https:\/\/www.tivian.com\/de\/imprint\/"]}]},{"@type":"ImageObject","inLanguage":"en-US","@id":"https:\/\/www.tivian.com\/de\/imprint\/#primaryimage","url":"https:\/\/www.tivian.com\/de\/wp-content\/uploads\/sites\/7\/2022\/02\/16_shutterstock_159697460-1.jpg","contentUrl":"https:\/\/www.tivian.com\/de\/wp-content\/uploads\/sites\/7\/2022\/02\/16_shutterstock_159697460-1.jpg","width":350,"height":466},{"@type":"BreadcrumbList","@id":"https:\/\/www.tivian.com\/de\/imprint\/#breadcrumb","itemListElement":[{"@type":"ListItem","position":1,"name":"Home","item":"https:\/\/www.tivian.com\/de\/"},{"@type":"ListItem","position":2,"name":"Imprint"}]},{"@type":"WebSite","@id":"https:\/\/www.tivian.com\/de\/#website","url":"https:\/\/www.tivian.com\/de\/","name":"Tivian DE","description":"","publisher":{"@id":"https:\/\/www.tivian.com\/de\/#organization"},"potentialAction":[{"@type":"SearchAction","target":{"@type":"EntryPoint","urlTemplate":"https:\/\/www.tivian.com\/de\/?s={search_term_string}"},"query-input":"required name=search_term_string"}],"inLanguage":"en-US"},{"@type":"Organization","@id":"https:\/\/www.tivian.com\/de\/#organization","name":"Tivian DE","url":"https:\/\/www.tivian.com\/de\/","logo":{"@type":"ImageObject","inLanguage":"en-US","@id":"https:\/\/www.tivian.com\/de\/#\/schema\/logo\/image\/","url":"https:\/\/www.tivian.com\/de\/wp-content\/uploads\/sites\/7\/2022\/01\/TIVIAN_logo_charcoal_RGB.png","contentUrl":"https:\/\/www.tivian.com\/de\/wp-content\/uploads\/sites\/7\/2022\/01\/TIVIAN_logo_charcoal_RGB.png","width":2089,"height":418,"caption":"Tivian DE"},"image":{"@id":"https:\/\/www.tivian.com\/de\/#\/schema\/logo\/image\/"}}]}},"_links":{"self":[{"href":"https:\/\/www.tivian.com\/de\/wp-json\/wp\/v2\/pages\/264","targetHints":{"allow":["GET"]}}],"collection":[{"href":"https:\/\/www.tivian.com\/de\/wp-json\/wp\/v2\/pages"}],"about":[{"href":"https:\/\/www.tivian.com\/de\/wp-json\/wp\/v2\/types\/page"}],"author":[{"embeddable":true,"href":"https:\/\/www.tivian.com\/de\/wp-json\/wp\/v2\/users\/1"}],"replies":[{"embeddable":true,"href":"https:\/\/www.tivian.com\/de\/wp-json\/wp\/v2\/comments?post=264"}],"version-history":[{"count":0,"href":"https:\/\/www.tivian.com\/de\/wp-json\/wp\/v2\/pages\/264\/revisions"}],"wp:attachment":[{"href":"https:\/\/www.tivian.com\/de\/wp-json\/wp\/v2\/media?parent=264"}],"curies":[{"name":"wp","href":"https:\/\/api.w.org\/{rel}","templated":true}]}}